{"id":150,"date":"2019-03-06T18:35:52","date_gmt":"2019-03-06T17:35:52","guid":{"rendered":"http:\/\/drdovagallery.krajeciprkna.cz\/?page_id=150"},"modified":"2019-03-12T12:00:09","modified_gmt":"2019-03-12T11:00:09","slug":"exhibitions","status":"publish","type":"page","link":"https:\/\/drdovagallery.com\/cs\/exhibitions\/","title":{"rendered":"V\u00fdstavy"},"content":{"rendered":"<div class=\"archivist-outer-wrapper\">\t\t\t<div class=\"archivist_wrapper\">\n\n\t\t\t\t\n\t\t\t\t\t\t\t\t\n\t\t\t\t<div class=\"tabulka-exhibitions\">\r\n\t\t\t\t\t\t\t\t\t\t\t\t\t\t<h2><a href=\"https:\/\/drdovagallery.com\/cs\/2025\/01\/24\/daniel-vlcek-2\/\" class=\"permalink\">Daniel Vl\u010dek<br>\r\n<span class=\"tabulka-exhibitions-podnadpis-1\">Cavana<\/span><br>\r\n<span class=\"tabulka-exhibitions-podnadpis-2\">23.11.2024 - \r\n15.1.2025<\/span><\/a><\/h2> \r\n\t\t\t\t\t\t\t\t\t\t\t\t\t\t<h2><a href=\"https:\/\/drdovagallery.com\/cs\/2024\/10\/25\/confluence\/\" class=\"permalink\">Romana Drdova\u0301, Pavli\u0301na C\u030cambalova\u0301, Beata Hlavenkova\u0301, Luka\u0301s\u030c Likavc\u030can, Matyas Pavlik, Daniel Vlc\u030cek in collaboration with Giovanni Cecconi, Anton\u00edn Gazda and Tom\u00e1\u0161 Kocka Jusko<br>\r\n<span class=\"tabulka-exhibitions-podnadpis-1\">Confluence<\/span><br>\r\n<span class=\"tabulka-exhibitions-podnadpis-2\">5.10. - \r\n30.10.2024<\/span><\/a><\/h2> \r\n\t\t\t\t\t\t\t\t\t\t\t\t\t\t<h2><a href=\"https:\/\/drdovagallery.com\/cs\/2021\/08\/12\/%e2%80%a8chambre_damis\/\" class=\"permalink\">Hynek Alt, Charlotte Dual\u00e9, Romana Drdov\u00e1, Arianne Foks, V\u00e1clav Kopeck\u00fd, Jan N\u00e1levka, Tereza P\u0159\u00edhodov\u00e1 \u0160t\u011btinov\u00e1, Pavla Scerankov\u00e1, Aleksandra Vajd,  Daniel Vl\u010dek<br>\r\n<span class=\"tabulka-exhibitions-podnadpis-1\">\u2028Chambre\u00a0d'amis<\/span><br>\r\n<span class=\"tabulka-exhibitions-podnadpis-2\">4.9. - \r\n5.9.2021<\/span><\/a><\/h2> \r\n\t\t\t\t\t\t\t\t\t\t\t\t\t\t<h2><a href=\"https:\/\/drdovagallery.com\/cs\/2020\/08\/28\/unremarkableness\/\" class=\"permalink\">Nina Beier, Romana Drdova, Kiki Kogelnik, Ida Szigethy, Kazuna Taguchi, Dino Zrnec<br>\r\n<span class=\"tabulka-exhibitions-podnadpis-1\">The Unremarkableness of Disobedient Desire<\/span><br>\r\n<span class=\"tabulka-exhibitions-podnadpis-2\">5.9. - \r\n17.10.2020<\/span><\/a><\/h2> \r\n\t\t\t\t\t\t\t\t\t\t\t\t\t\t<h2><a href=\"https:\/\/drdovagallery.com\/cs\/2020\/07\/10\/capricious_swirl\/\" class=\"permalink\">Sharon Van Overmeiren, Jef Meyer<br>\r\n<span class=\"tabulka-exhibitions-podnadpis-1\">Capricious Swirl<\/span><br>\r\n<span class=\"tabulka-exhibitions-podnadpis-2\">17.07. - \r\n22.08.2020<\/span><\/a><\/h2> \r\n\t\t\t\t\t\t\t\t\t\t\t\t\t\t<h2><a href=\"https:\/\/drdovagallery.com\/cs\/2020\/06\/02\/still\/\" class=\"permalink\">Still<br>\r\n<span class=\"tabulka-exhibitions-podnadpis-1\">Stillness Is a Form of Action. What Is There to Learn? Hope for Mutation.<\/span><br>\r\n<span class=\"tabulka-exhibitions-podnadpis-2\">6.6. - \r\n27.6.2020<\/span><\/a><\/h2> \r\n\t\t\t\t\t\t\t\t\t\t\t\t\t\t<h2><a href=\"https:\/\/drdovagallery.com\/cs\/2019\/11\/09\/barbora-kleinhamplova-2\/\" class=\"permalink\">Barbora Kleinhamplov\u00e1<br>\r\n<span class=\"tabulka-exhibitions-podnadpis-1\">Kdybych mohl um\u0159\u00edt na Marsu, bylo by to skv\u011bl\u00e9<\/span><br>\r\n<span class=\"tabulka-exhibitions-podnadpis-2\">15.11.2019 - \r\n1.2.2020<\/span><\/a><\/h2> \r\n\t\t\t\t\t\t\t\t\t\t\t\t\t\t<h2><a href=\"https:\/\/drdovagallery.com\/cs\/2019\/08\/20\/objects_in_love\/\" class=\"permalink\">Hynek Alt, Mark Dion, Klara Hobza, Margarita Maximova, Sharon Van Overmeiren, Jasmin Werner<br>\r\n<span class=\"tabulka-exhibitions-podnadpis-1\">Objekty zamilovan\u00e9 do lid\u00ed<\/span><br>\r\n<span class=\"tabulka-exhibitions-podnadpis-2\">30.8. - \r\n1.9.2019<\/span><\/a><\/h2> \r\n\t\t\t\t\t\t\t\t\t\t\t\t\t\t<h2><a href=\"https:\/\/drdovagallery.com\/cs\/2019\/05\/25\/photography_from_atoz\/\" class=\"permalink\">V\u00e1clav Kopeck\u00fd<br>\r\n<span class=\"tabulka-exhibitions-podnadpis-1\">Four Balls<\/span><br>\r\n<span class=\"tabulka-exhibitions-podnadpis-2\">25.5. - \r\n13.7.2019<\/span><\/a><\/h2> \r\n\t\t\t\t\t\t\t\t\t\t\t\t\t\t<h2><a href=\"https:\/\/drdovagallery.com\/cs\/2019\/03\/09\/cause_and_effect\/\" class=\"permalink\">Daniel Vl\u010dek<br>\r\n<span class=\"tabulka-exhibitions-podnadpis-1\">P\u0159\u00ed\u010diny a n\u00e1sledky<\/span><br>\r\n<span class=\"tabulka-exhibitions-podnadpis-2\">9.3. - \r\n20.4.2019<\/span><\/a><\/h2> \r\n\t\t\t\t\t\t\t\t\t\t\t\t\t\t<h2><a href=\"https:\/\/drdovagallery.com\/cs\/2019\/01\/19\/horse-britches\/\" class=\"permalink\">Julie B\u00e9na, Romana Drdov\u00e1<br>\r\n<span class=\"tabulka-exhibitions-podnadpis-1\">Horse and Britches<\/span><br>\r\n<span class=\"tabulka-exhibitions-podnadpis-2\">19. 1. - \r\n2. 3. 2019<\/span><\/a><\/h2> \r\n\t\t\t\t\t\t\t\t\t\t\t\t\t\t<h2><a href=\"https:\/\/drdovagallery.com\/cs\/2018\/11\/09\/djav-azodnem\/\" class=\"permalink\">Aleksandra Vajd, Jimena Mendoza<br>\r\n<span class=\"tabulka-exhibitions-podnadpis-1\">Djav Azodnem<\/span><br>\r\n<span class=\"tabulka-exhibitions-podnadpis-2\">9. 11. 2018 - \r\n5. 1. 2019<\/span><\/a><\/h2> \r\n\t\t\t\t\t\t\t\t\t\t\t\t\t\t<h2><a href=\"https:\/\/drdovagallery.com\/cs\/2018\/09\/06\/espejo-espejo\/\" class=\"permalink\">Aleksandra Vajd, Jimena Mendoza<br>\r\n<span class=\"tabulka-exhibitions-podnadpis-1\">Espejo, espejo<\/span><br>\r\n<span class=\"tabulka-exhibitions-podnadpis-2\">6. 9. - \r\n26. 9. 2018<\/span><\/a><\/h2> \r\n\t\t\t\t\t\t\t\t\t\t\t\t\t\t<h2><a href=\"https:\/\/drdovagallery.com\/cs\/2018\/09\/04\/scerankova-selection\/\" class=\"permalink\">Pavla Scerankov\u00e1<br>\r\n<span class=\"tabulka-exhibitions-podnadpis-1\">V\u00fdb\u011br z prac\u00ed 2007 \u2013 2018<\/span><br>\r\n<span class=\"tabulka-exhibitions-podnadpis-2\">4. 9. - \r\n29. 9. 2018<\/span><\/a><\/h2> \r\n\t\t\t\t\t\t\t\t\t\t\t\t\t\t<h2><a href=\"https:\/\/drdovagallery.com\/cs\/2018\/05\/18\/knows-to-feel\/\" class=\"permalink\">Julien Creuzet<br>\r\n<span class=\"tabulka-exhibitions-podnadpis-1\">Knows to feel, The smell of rain, Myopia, Flooded, Know how to feel [...]<\/span><br>\r\n<span class=\"tabulka-exhibitions-podnadpis-2\">18. 5. - \r\n7. 7. 2018<\/span><\/a><\/h2> \r\n\t\t\t\t\t\t\t\t\t\t\t\t\t\t<h2><a href=\"https:\/\/drdovagallery.com\/cs\/2018\/03\/17\/irrelevant-necessities\/\" class=\"permalink\">Sebastian Stumpf<br>\r\n<span class=\"tabulka-exhibitions-podnadpis-1\">Irrelevant Necessities<\/span><br>\r\n<span class=\"tabulka-exhibitions-podnadpis-2\">17. 3. - \r\n5. 5. 2018<\/span><\/a><\/h2> \r\n\t\t\t\t\t\t\t\t\t\t\t\t\t\t<h2><a href=\"https:\/\/drdovagallery.com\/cs\/2018\/01\/27\/appearance\/\" class=\"permalink\">Monika \u017d\u00e1kov\u00e1<br>\r\n<span class=\"tabulka-exhibitions-podnadpis-1\">Appearance<\/span><br>\r\n<span class=\"tabulka-exhibitions-podnadpis-2\">27. 1. - \r\n3. 3. 2018<\/span><\/a><\/h2> \r\n\t\t\t\t\t\t\t\t\t\t\t\t\t\t<h2><a href=\"https:\/\/drdovagallery.com\/cs\/2017\/11\/11\/index\/\" class=\"permalink\">Jan N\u00e1levka<br>\r\n<span class=\"tabulka-exhibitions-podnadpis-1\">Index<\/span><br>\r\n<span class=\"tabulka-exhibitions-podnadpis-2\">11.11.2017 - \r\n13.1.2018<\/span><\/a><\/h2> \r\n\t\t\t\t\t\t\t\t\t\t\t\t\t\t<h2><a href=\"https:\/\/drdovagallery.com\/cs\/2017\/09\/09\/interpreters-booth\/\" class=\"permalink\">Anu Vahtra, Martin Luk\u00e1\u010d<br>\r\n<span class=\"tabulka-exhibitions-podnadpis-1\">Tlumo\u010dnick\u00e1 kabina<\/span><br>\r\n<span class=\"tabulka-exhibitions-podnadpis-2\">9.9. - \r\n21.10.2017<\/span><\/a><\/h2> \r\n\t\t\t\t\t\t\t\t\t\t\t\t\t\t<h2><a href=\"https:\/\/drdovagallery.com\/cs\/2017\/05\/26\/marketa-othova-adela-svobodova\/\" class=\"permalink\">Mark\u00e9ta Othov\u00e1, Ad\u00e9la Svobodov\u00e1<br>\r\n<span class=\"tabulka-exhibitions-podnadpis-1\"><\/span><br>\r\n<span class=\"tabulka-exhibitions-podnadpis-2\">26.5. - \r\n22.7.2017<\/span><\/a><\/h2> \r\n\t\t\t\t\t\t\t\t\t\t\t\t\t\t<h2><a href=\"https:\/\/drdovagallery.com\/cs\/2017\/03\/18\/deep-purple\/\" class=\"permalink\">Hynek Alt<br>\r\n<span class=\"tabulka-exhibitions-podnadpis-1\">Deep Purple<\/span><br>\r\n<span class=\"tabulka-exhibitions-podnadpis-2\">18.3. - \r\n6.5.2017<\/span><\/a><\/h2> \r\n\t\t\t\t\t\t\t\t\t\t\t\t\t\t<h2><a href=\"https:\/\/drdovagallery.com\/cs\/2017\/01\/04\/mriz\/\" class=\"permalink\">Jan Tich\u00fd<br>\r\n<span class=\"tabulka-exhibitions-podnadpis-1\">M\u0159\u00ed\u017e<\/span><br>\r\n<span class=\"tabulka-exhibitions-podnadpis-2\">4.1. - \r\n18.2.2017<\/span><\/a><\/h2> \r\n\t\t\t\t\t\t\t\t\t\t\t\t\t\t<h2><a href=\"https:\/\/drdovagallery.com\/cs\/2016\/11\/05\/friend-of-friends\/\" class=\"permalink\">Aleksandra Vajd<br>\r\n<span class=\"tabulka-exhibitions-podnadpis-1\">Friends of Friends are Friends<\/span><br>\r\n<span class=\"tabulka-exhibitions-podnadpis-2\">5.11. - \r\n17.12.2016<\/span><\/a><\/h2> \r\n\t\t\t\t\t\t\t\t\t\t\t\t\t\t<h2><a href=\"https:\/\/drdovagallery.com\/cs\/2016\/09\/02\/anti\/\" class=\"permalink\">V\u00e1clav Magid<br>\r\n<span class=\"tabulka-exhibitions-podnadpis-1\">Anti-Nature vs Anti-Culture vs Anti-Future<\/span><br>\r\n<span class=\"tabulka-exhibitions-podnadpis-2\">2.9. - \r\n15.10.2016<\/span><\/a><\/h2> \r\n\t\t\t\t\t\t\t\t\t\t\t\t\t\t<h2><a href=\"https:\/\/drdovagallery.com\/cs\/2016\/05\/18\/set-it-on-fire\/\" class=\"permalink\">Florian Slotawa, Du\u0161an Zahoransk\u00fd<br>\r\n<span class=\"tabulka-exhibitions-podnadpis-1\">I Could Have Just Set It on Fire<\/span><br>\r\n<span class=\"tabulka-exhibitions-podnadpis-2\">18. 5. - \r\n29.6.2016<\/span><\/a><\/h2> \r\n\t\t\t\t\t\t\t\t\t\t\t\t\t\t<h2><a href=\"https:\/\/drdovagallery.com\/cs\/2016\/03\/16\/dreams-that-money-can-buy\/\" class=\"permalink\"><br>\r\n<span class=\"tabulka-exhibitions-podnadpis-1\">Sny na prodej<\/span><br>\r\n<span class=\"tabulka-exhibitions-podnadpis-2\">16.3. - \r\n10.4.2016<\/span><\/a><\/h2> \r\n\t\t\t\t\t\t\t\t\t\t\t\t\t\t<h2><a href=\"https:\/\/drdovagallery.com\/cs\/2016\/01\/23\/relation\/\" class=\"permalink\">Jan Pfeiffer<br>\r\n<span class=\"tabulka-exhibitions-podnadpis-1\">Pom\u011br vztahu<\/span><br>\r\n<span class=\"tabulka-exhibitions-podnadpis-2\">23.1. - \r\n5.3.2016<\/span><\/a><\/h2> \r\n\t\t\t\t\t\t\t\t\t\t\t\t\t\t<h2><a href=\"https:\/\/drdovagallery.com\/cs\/2015\/10\/31\/double-solution\/\" class=\"permalink\">Monika \u017d\u00e1kov\u00e1<br>\r\n<span class=\"tabulka-exhibitions-podnadpis-1\">Dvoj\u00ed \u0159e\u0161en\u00ed<\/span><br>\r\n<span class=\"tabulka-exhibitions-podnadpis-2\">31.10. - \r\n19.12.2015<\/span><\/a><\/h2> \r\n\t\t\t\t\t\t\t\t\t\t\t\t\t\t<h2><a href=\"https:\/\/drdovagallery.com\/cs\/2015\/09\/05\/between-document-and-monument\/\" class=\"permalink\">V\u00e1clav Kopeck\u00fd, Jan Les\u00e1k, Jan Ma\u0161tera<br>\r\n<span class=\"tabulka-exhibitions-podnadpis-1\">Mezi dokumentem a monumentem<\/span><br>\r\n<span class=\"tabulka-exhibitions-podnadpis-2\">5.9. - \r\n17.10.2015<\/span><\/a><\/h2> \r\n\t\t\t\t\t\t\t\t\t\t\t\t\t\t<h2><a href=\"https:\/\/drdovagallery.com\/cs\/2015\/05\/28\/veritas\/\" class=\"permalink\">Pavla Scerankov\u00e1<br>\r\n<span class=\"tabulka-exhibitions-podnadpis-1\">Veritas<\/span><br>\r\n<span class=\"tabulka-exhibitions-podnadpis-2\">28.5. - \r\n25.7..2015<\/span><\/a><\/h2> \r\n\t\t\t\t\t\t\t\t\t\t\t\t\t\t<h2><a href=\"https:\/\/drdovagallery.com\/cs\/2015\/03\/13\/the-end-of-art\/\" class=\"permalink\">Daniel Vl\u010dek, Levi van Veluw<br>\r\n<span class=\"tabulka-exhibitions-podnadpis-1\">Po konci um\u011bn\u00ed<\/span><br>\r\n<span class=\"tabulka-exhibitions-podnadpis-2\">13.3. - \r\n2.5.2015<\/span><\/a><\/h2> \r\n\t\t\t\t\t\t\t\t\t\t\t\t\t\t<h2><a href=\"https:\/\/drdovagallery.com\/cs\/2015\/01\/08\/petrification\/\" class=\"permalink\">V\u00e1clav Kopeck\u00fd<br>\r\n<span class=\"tabulka-exhibitions-podnadpis-1\">Zkamen\u011blina<\/span><br>\r\n<span class=\"tabulka-exhibitions-podnadpis-2\">8.1. - \r\n27.2.2015<\/span><\/a><\/h2> \r\n\t\t\t\t\t\t\t\t\t\t\t\t\t\t<h2><a href=\"https:\/\/drdovagallery.com\/cs\/2015\/01\/01\/frohlich-stumpf\/\" class=\"permalink\">Vojt\u011bch Fr\u00f6hlich &#038; Sebastian Stumpf<br>\r\n<span class=\"tabulka-exhibitions-podnadpis-1\"><\/span><br>\r\n<span class=\"tabulka-exhibitions-podnadpis-2\"> - \r\n<\/span><\/a><\/h2> \r\n\t\t\t\t\t\t\t\t\t\t\t\t\t\t<h2><a href=\"https:\/\/drdovagallery.com\/cs\/2014\/08\/27\/legacy\/\" class=\"permalink\">Greta Alfaro, Rodrigo Dada, Jillian Mayer, Ronald Moran, Emilio Chapela Perez<br>\r\n<span class=\"tabulka-exhibitions-podnadpis-1\">Legacy<\/span><br>\r\n<span class=\"tabulka-exhibitions-podnadpis-2\">27.8. - \r\n11.10.2014<\/span><\/a><\/h2> \r\n\t\t\t\t\t\t\t\t\t\t\t\t\t\t<h2><a href=\"https:\/\/drdovagallery.com\/cs\/2014\/06\/07\/systems-decomposition\/\" class=\"permalink\">Hynek Alt<br>\r\n<span class=\"tabulka-exhibitions-podnadpis-1\">Rozklad syst\u00e9m\u016f<\/span><br>\r\n<span class=\"tabulka-exhibitions-podnadpis-2\">7.6. - \r\n26.7.2014<\/span><\/a><\/h2> \r\n\t\t\t\t\t\t\t\t\t\t\t\t\t\t<h2><a href=\"https:\/\/drdovagallery.com\/cs\/2014\/03\/23\/pierre-huyghe\/\" class=\"permalink\">Hynek Alt, Federico D\u00edaz, Martin Kolarov, Ji\u0159\u00ed Kovanda, Anna Sl\u00e1mov\u00e1, Ad\u00e9la Svobodov\u00e1, Ji\u0159\u00ed Th\u00fdn &#038; Aleksandra Vajd<br>\r\n<span class=\"tabulka-exhibitions-podnadpis-1\">Pierre Huyghe<\/span><br>\r\n<span class=\"tabulka-exhibitions-podnadpis-2\">23.3. - \r\n10.5.2014<\/span><\/a><\/h2> \r\n\t\t\t\t\t\t\t\t\t\t\t\t\t\t<h2><a href=\"https:\/\/drdovagallery.com\/cs\/2014\/01\/25\/if-you-record\/\" class=\"permalink\">Daniel Vl\u010dek<br>\r\n<span class=\"tabulka-exhibitions-podnadpis-1\">Pokud nahr\u00e1v\u00e1te novou smy\u010dku pozp\u00e1tku, bude v pam\u011bti d\u00e1l ulo\u017eena ve sm\u011bru vp\u0159ed, ale se chovat, jako by byla ulo\u017eena obr\u00e1cen\u011b<\/span><br>\r\n<span class=\"tabulka-exhibitions-podnadpis-2\">25.1. - \r\n8.3.2014<\/span><\/a><\/h2> \r\n\t\t\t\t\t\t\t\t\t\t\t\t\t\t<h2><a href=\"https:\/\/drdovagallery.com\/cs\/2013\/12\/21\/menu\/\" class=\"permalink\">Aleksandra Vajd<br>\r\n<span class=\"tabulka-exhibitions-podnadpis-1\">Menu<\/span><br>\r\n<span class=\"tabulka-exhibitions-podnadpis-2\">8.11. - \r\n21.12.2013<\/span><\/a><\/h2> \r\n\t\t\t\t\t\t\t\t\t\t\t\t\t\t<h2><a href=\"https:\/\/drdovagallery.com\/cs\/2013\/10\/19\/fuck\/\" class=\"permalink\">V\u00e1clav Stratil &#038; Pan\u00e1\u010dik<br>\r\n<span class=\"tabulka-exhibitions-podnadpis-1\">Mrdat<\/span><br>\r\n<span class=\"tabulka-exhibitions-podnadpis-2\">7.9. - \r\n19.10.2013<\/span><\/a><\/h2> \r\n\t\t\t\t\t\t\t\t\t\t\t\t\t\t<h2><a href=\"https:\/\/drdovagallery.com\/cs\/2013\/06\/21\/ghosts\/\" class=\"permalink\">KW + Q<br>\r\n<span class=\"tabulka-exhibitions-podnadpis-1\">Ghosts<\/span><br>\r\n<span class=\"tabulka-exhibitions-podnadpis-2\">21.6. - \r\n10.8.2013<\/span><\/a><\/h2> \r\n\t\t\t\t\t\t\t\t\t\t\t\t\t\t<h2><a href=\"https:\/\/drdovagallery.com\/cs\/2013\/04\/19\/as-i-added-before\/\" class=\"permalink\">Jan N\u00e1levka<br>\r\n<span class=\"tabulka-exhibitions-podnadpis-1\">Jak jsem ji\u017e d\u0159\u00edve podotkla<\/span><br>\r\n<span class=\"tabulka-exhibitions-podnadpis-2\">19.4. - \r\n1.6.2013<\/span><\/a><\/h2> \r\n\t\t\t\t\t\t\t\t\t\t\t\t\t\t<h2><a href=\"https:\/\/drdovagallery.com\/cs\/2013\/02\/08\/environment-of-time\/\" class=\"permalink\">Michal \u0160koda<br>\r\n<span class=\"tabulka-exhibitions-podnadpis-1\">Prost\u0159ed\u00ed \u010dasu<\/span><br>\r\n<span class=\"tabulka-exhibitions-podnadpis-2\">8.2. - \r\n23.3.2013<\/span><\/a><\/h2> \r\n\t\t\t\t\t\t\t\t\t\t\t\t\t\t<h2><a href=\"https:\/\/drdovagallery.com\/cs\/2012\/11\/16\/hotel-zenit\/\" class=\"permalink\">V\u00e1clav Kopeck\u00fd<br>\r\n<span class=\"tabulka-exhibitions-podnadpis-1\">Hotel Zenit<\/span><br>\r\n<span class=\"tabulka-exhibitions-podnadpis-2\">16.11.2012 - \r\n12.1.2013<\/span><\/a><\/h2> \r\n\t\t\t\t\t\t\t\t\t\t\t\t\t\t<h2><a href=\"https:\/\/drdovagallery.com\/cs\/2012\/09\/12\/missing-chapter\/\" class=\"permalink\">Pavla Scerankov\u00e1<br>\r\n<span class=\"tabulka-exhibitions-podnadpis-1\">Chyb\u011bj\u00edc\u00ed kapitola<\/span><br>\r\n<span class=\"tabulka-exhibitions-podnadpis-2\">12.9. - \r\n27.10.2012<\/span><\/a><\/h2> \r\n\t\t\t\t\t\t\t\t\t\t\t\t\t\t<h2><a href=\"https:\/\/drdovagallery.com\/cs\/2012\/06\/09\/some-things-pass\/\" class=\"permalink\">Jan Pfeiffer<br>\r\n<span class=\"tabulka-exhibitions-podnadpis-1\">N\u011bkter\u00e9 v\u011bci unikaj\u00ed<\/span><br>\r\n<span class=\"tabulka-exhibitions-podnadpis-2\">9.6. - \r\n4.8.2012<\/span><\/a><\/h2> \r\n\t\t\t\t\t\t\t\t<\/div>\n\t\t\t\t\n\t\t\t<\/div>\n\t\t\t<script type=\"text\/javascript\">\n\t\t\tvar archivist_shortcode_attributes = {\"query\":\"\",\"category\":\"exhibitions\",\"tag\":\"\",\"template\":\"exhibitions\",\"pagination\":false,\"controls\":\"both\"}\t\t\t<\/script>\n\t\t\t<\/div>\n","protected":false},"excerpt":{"rendered":"","protected":false},"author":1,"featured_media":0,"parent":0,"menu_order":0,"comment_status":"closed","ping_status":"closed","template":"","meta":{"_acf_changed":false,"footnotes":""},"class_list":["post-150","page","type-page","status-publish","hentry","wpautop"],"acf":[],"_links":{"self":[{"href":"https:\/\/drdovagallery.com\/cs\/wp-json\/wp\/v2\/pages\/150","targetHints":{"allow":["GET"]}}],"collection":[{"href":"https:\/\/drdovagallery.com\/cs\/wp-json\/wp\/v2\/pages"}],"about":[{"href":"https:\/\/drdovagallery.com\/cs\/wp-json\/wp\/v2\/types\/page"}],"author":[{"embeddable":true,"href":"https:\/\/drdovagallery.com\/cs\/wp-json\/wp\/v2\/users\/1"}],"replies":[{"embeddable":true,"href":"https:\/\/drdovagallery.com\/cs\/wp-json\/wp\/v2\/comments?post=150"}],"version-history":[{"count":5,"href":"https:\/\/drdovagallery.com\/cs\/wp-json\/wp\/v2\/pages\/150\/revisions"}],"predecessor-version":[{"id":355,"href":"https:\/\/drdovagallery.com\/cs\/wp-json\/wp\/v2\/pages\/150\/revisions\/355"}],"wp:attachment":[{"href":"https:\/\/drdovagallery.com\/cs\/wp-json\/wp\/v2\/media?parent=150"}],"curies":[{"name":"wp","href":"https:\/\/api.w.org\/{rel}","templated":true}]}}