{"id":52,"date":"2019-02-28T16:00:08","date_gmt":"2019-02-28T15:00:08","guid":{"rendered":"http:\/\/drdovagallery.krajeciprkna.cz\/?page_id=52"},"modified":"2019-06-10T15:03:37","modified_gmt":"2019-06-10T13:03:37","slug":"about","status":"publish","type":"page","link":"https:\/\/drdovagallery.com\/cs\/about\/","title":{"rendered":"O galerii"},"content":{"rendered":"<p>\n\t\t<!-- MasterSlider -->\n\t\t<div id=\"P_MS69e5b15b8095d\" class=\"master-slider-parent msl ms-parent-id-50\" style=\"max-width:100%;\">\n\n\t\t\t\n\t\t\t<!-- MasterSlider Main -->\n\t\t\t<div id=\"MS69e5b15b8095d\" class=\"master-slider ms-skin-default\" >\n\t\t\t\t \t\t\t\t \n\t\t\t\t<div  class=\"ms-slide\" data-delay=\"3\" data-fill-mode=\"fit\"  >\n\t\t\t\t\t<img decoding=\"async\" src=\"https:\/\/drdovagallery.com\/wp-content\/plugins\/master-slider\/public\/assets\/css\/blank.gif\" alt=\"\" title=\"\" data-src=\"https:\/\/drdovagallery.com\/wp-content\/uploads\/2019\/06\/IMG_3964.jpg\">\n\n\n\t<div class=\"ms-thumb\" ><div class=\"ms-tab-context\"><div class=\"&quot;ms-tab-context&quot;\"><\/div><\/div>\n<\/div>\n\t\t\t\t<\/div>\n\t\t\t\t<div  class=\"ms-slide\" data-delay=\"3\" data-fill-mode=\"fit\"  >\n\t\t\t\t\t<img decoding=\"async\" src=\"https:\/\/drdovagallery.com\/wp-content\/plugins\/master-slider\/public\/assets\/css\/blank.gif\" alt=\"\" title=\"\" data-src=\"https:\/\/drdovagallery.com\/wp-content\/uploads\/2019\/06\/IMG_1972.jpg\">\n\n\n\t<div class=\"ms-thumb\" ><div class=\"ms-tab-context\"><div class=\"&quot;ms-tab-context&quot;\"><\/div><\/div>\n<\/div>\n\t\t\t\t<\/div>\n\t\t\t\t<div  class=\"ms-slide\" data-delay=\"3\" data-fill-mode=\"fit\"  >\n\t\t\t\t\t<img decoding=\"async\" src=\"https:\/\/drdovagallery.com\/wp-content\/plugins\/master-slider\/public\/assets\/css\/blank.gif\" alt=\"\" title=\"\" data-src=\"https:\/\/drdovagallery.com\/wp-content\/uploads\/2019\/06\/IMG_6699.jpg\">\n\n\n\t<div class=\"ms-thumb\" ><div class=\"ms-tab-context\"><div class=\"&quot;ms-tab-context&quot;\"><\/div><\/div>\n<\/div>\n\t\t\t\t<\/div>\n\t\t\t\t<div  class=\"ms-slide\" data-delay=\"3\" data-fill-mode=\"fit\"  >\n\t\t\t\t\t<img decoding=\"async\" src=\"https:\/\/drdovagallery.com\/wp-content\/plugins\/master-slider\/public\/assets\/css\/blank.gif\" alt=\"\" title=\"\" data-src=\"https:\/\/drdovagallery.com\/wp-content\/uploads\/2019\/06\/IMG_5332.jpg\">\n\n\n\t<div class=\"ms-thumb\" ><div class=\"ms-tab-context\"><div class=\"&quot;ms-tab-context&quot;\"><\/div><\/div>\n<\/div>\n\t\t\t\t<\/div>\n\t\t\t\t<div  class=\"ms-slide\" data-delay=\"3\" data-fill-mode=\"fit\"  >\n\t\t\t\t\t<img decoding=\"async\" src=\"https:\/\/drdovagallery.com\/wp-content\/plugins\/master-slider\/public\/assets\/css\/blank.gif\" alt=\"\" title=\"\" data-src=\"https:\/\/drdovagallery.com\/wp-content\/uploads\/2019\/06\/IMG_1930.jpg\">\n\n\n\t<div class=\"ms-thumb\" ><div class=\"ms-tab-context\"><div class=\"&quot;ms-tab-context&quot;\"><\/div><\/div>\n<\/div>\n\t\t\t\t<\/div>\n\t\t\t\t<div  class=\"ms-slide\" data-delay=\"3\" data-fill-mode=\"fit\"  >\n\t\t\t\t\t<img decoding=\"async\" src=\"https:\/\/drdovagallery.com\/wp-content\/plugins\/master-slider\/public\/assets\/css\/blank.gif\" alt=\"\" title=\"\" data-src=\"https:\/\/drdovagallery.com\/wp-content\/uploads\/2019\/06\/IMG_1805.jpg\">\n\n\n\t<div class=\"ms-thumb\" ><div class=\"ms-tab-context\"><div class=\"&quot;ms-tab-context&quot;\"><\/div><\/div>\n<\/div>\n\t\t\t\t<\/div>\n\t\t\t\t<div  class=\"ms-slide\" data-delay=\"3\" data-fill-mode=\"fit\"  >\n\t\t\t\t\t<img decoding=\"async\" src=\"https:\/\/drdovagallery.com\/wp-content\/plugins\/master-slider\/public\/assets\/css\/blank.gif\" alt=\"\" title=\"\" data-src=\"https:\/\/drdovagallery.com\/wp-content\/uploads\/2019\/06\/pala_scerankova_about-e1583946281604.jpg\">\n\n\n\t<div class=\"ms-thumb\" ><div class=\"ms-tab-context\"><div class=\"&quot;ms-tab-context&quot;\"><\/div><\/div>\n<\/div>\n\t\t\t\t<\/div>\n\t\t\t\t<div  class=\"ms-slide\" data-delay=\"3\" data-fill-mode=\"fit\"  >\n\t\t\t\t\t<img decoding=\"async\" src=\"https:\/\/drdovagallery.com\/wp-content\/plugins\/master-slider\/public\/assets\/css\/blank.gif\" alt=\"\" title=\"\" data-src=\"https:\/\/drdovagallery.com\/wp-content\/uploads\/2020\/03\/about-II.jpg\">\n\n\n\t<div class=\"ms-thumb\" ><div class=\"ms-tab-context\"><div class=\"&quot;ms-tab-context&quot;\"><\/div><\/div>\n<\/div>\n\t\t\t\t<\/div>\n\t\t\t\t<div  class=\"ms-slide\" data-delay=\"3\" data-fill-mode=\"fit\"  >\n\t\t\t\t\t<img decoding=\"async\" src=\"https:\/\/drdovagallery.com\/wp-content\/plugins\/master-slider\/public\/assets\/css\/blank.gif\" alt=\"\" title=\"\" data-src=\"https:\/\/drdovagallery.com\/wp-content\/uploads\/2019\/06\/Othova-Svobodova.jpg\">\n\n\n\t<div class=\"ms-thumb\" ><div class=\"ms-tab-context\"><div class=\"&quot;ms-tab-context&quot;\"><\/div><\/div>\n<\/div>\n\t\t\t\t<\/div>\n\t\t\t\t<div  class=\"ms-slide\" data-delay=\"3\" data-fill-mode=\"fit\"  >\n\t\t\t\t\t<img decoding=\"async\" src=\"https:\/\/drdovagallery.com\/wp-content\/plugins\/master-slider\/public\/assets\/css\/blank.gif\" alt=\"\" title=\"\" data-src=\"https:\/\/drdovagallery.com\/wp-content\/uploads\/2019\/06\/IMG_6948.jpg\">\n\n\n\t<div class=\"ms-thumb\" ><div class=\"ms-tab-context\"><div class=\"&quot;ms-tab-context&quot;\"><\/div><\/div>\n<\/div>\n\t\t\t\t<\/div>\n\t\t\t\t<div  class=\"ms-slide\" data-delay=\"3\" data-fill-mode=\"fit\"  >\n\t\t\t\t\t<img decoding=\"async\" src=\"https:\/\/drdovagallery.com\/wp-content\/plugins\/master-slider\/public\/assets\/css\/blank.gif\" alt=\"\" title=\"\" data-src=\"https:\/\/drdovagallery.com\/wp-content\/uploads\/2020\/03\/about.jpg\">\n\n\n\t<div class=\"ms-thumb\" ><div class=\"ms-tab-context\"><div class=\"&quot;ms-tab-context&quot;\"><\/div><\/div>\n<\/div>\n\t\t\t\t<\/div>\n\t\t\t\t<div  class=\"ms-slide\" data-delay=\"3\" data-fill-mode=\"fit\"  >\n\t\t\t\t\t<img decoding=\"async\" src=\"https:\/\/drdovagallery.com\/wp-content\/plugins\/master-slider\/public\/assets\/css\/blank.gif\" alt=\"\" title=\"\" data-src=\"https:\/\/drdovagallery.com\/wp-content\/uploads\/2020\/03\/about-III.jpg\">\n\n\n\t<div class=\"ms-thumb\" ><div class=\"ms-tab-context\"><div class=\"&quot;ms-tab-context&quot;\"><\/div><\/div>\n<\/div>\n\t\t\t\t<\/div>\n\n\t\t\t<\/div>\n\t\t\t<!-- END MasterSlider Main -->\n\n\t\t\t \n\t\t<\/div>\n\t\t<!-- END MasterSlider -->\n\n\t\t<script>\n\t\t(function ( $ ) {\n\t\t\t\"use strict\";\n\n\t\t\t$(function () {\n\t\t\t\tvar masterslider_095d = new MasterSlider();\n\n\t\t\t\t\/\/ slider controls\n\t\t\t\tmasterslider_095d.control('arrows'     ,{ autohide:true, overVideo:true , hideUnder:500 });\n\t\t\t\t\/\/ slider setup\n\t\t\t\tmasterslider_095d.setup(\"MS69e5b15b8095d\", {\n\t\t\t\t\t\twidth           : 2000,\n\t\t\t\t\t\theight          : 900,\n\t\t\t\t\t\tminHeight       : 400,\n\t\t\t\t\t\tspace           : 0,\n\t\t\t\t\t\tstart           : 1,\n\t\t\t\t\t\tgrabCursor      : true,\n\t\t\t\t\t\tswipe           : true,\n\t\t\t\t\t\tmouse           : true,\n\t\t\t\t\t\tlayout          : \"boxed\",\n\t\t\t\t\t\twheel           : false,\n\t\t\t\t\t\tautoplay        : false,\n\t\t\t\t\t\tinstantStartLayers:false,\n\t\t\t\t\t\tloop            : true,\n\t\t\t\t\t\tshuffle         : false,\n\t\t\t\t\t\tpreload         : 3,\n\t\t\t\t\t\theightLimit     : true,\n\t\t\t\t\t\tautoHeight      : false,\n\t\t\t\t\t\tsmoothHeight    : true,\n\t\t\t\t\t\tendPause        : false,\n\t\t\t\t\t\toverPause       : true,\n\t\t\t\t\t\tfillMode        : \"fill\",\n\t\t\t\t\t\tcenterControls  : true,\n\t\t\t\t\t\tstartOnAppear   : false,\n\t\t\t\t\t\tlayersMode      : \"center\",\n\t\t\t\t\t\thideLayers      : false,\n\t\t\t\t\t\tfullscreenMargin: 0,\n\t\t\t\t\t\tspeed           : 20,\n\t\t\t\t\t\tdir             : \"h\",\n\t\t\t\t\t\tparallaxMode    : 'swipe',\n\t\t\t\t\t\tview            : \"basic\"\n\t\t\t\t});\n\n\t\t\t\t\n\t\t\t\twindow.masterslider_instances = window.masterslider_instances || [];\n\t\t\t\twindow.masterslider_instances.push( masterslider_095d );\n\t\t\t });\n\n\t\t})(jQuery);\n\t\t<\/script>\n\n<\/p>\n<h2>Lucie Drdova Gallery<\/h2>\n<p>Lucie Drdova Gallery se \u0159ad\u00ed mezi nejpresti\u017en\u011bj\u0161\u00ed galerie sou\u010dasn\u00e9ho um\u011bn\u00ed v&nbsp;\u010cR s&nbsp;pravideln\u00fdmi aktivitami v&nbsp;evropsk\u00e9m prostoru. Dlouhodob\u00fdm c\u00edlem \u010dinnosti galerie je podpora um\u011bleck\u00e9 tvorby, produkce nov\u00fdch um\u011bleck\u00fdch d\u011bl, zprost\u0159edkov\u00e1n\u00ed sou\u010dasn\u00e9ho um\u011bn\u00ed, edukace v&nbsp;oblasti vlastn\u00ed um\u011bleck\u00e9 praxe a&nbsp;orientace na trhu s&nbsp;um\u011bn\u00edm a&nbsp;v&nbsp;oblasti investic. Lucie Drdova Gallery usiluje o&nbsp;prosazen\u00ed lok\u00e1ln\u00edch um\u011bleck\u00fdch pozic v&nbsp;mezin\u00e1rodn\u00edm kontextu a&nbsp;kontinu\u00e1ln\u011b vytv\u00e1\u0159\u00ed aktivity a&nbsp;iniciuje spolupr\u00e1ce, kter\u00e9 propojuj\u00ed um\u011bleckou praxi se sou\u010dasnou kritikou a&nbsp;odbornou obc\u00ed. Navzdory profilu priv\u00e1tn\u00ed galerie je jej\u00ed prim\u00e1rn\u00ed ambic\u00ed podpora kvalitn\u00ed tvorby um\u011blc\u016f, a&nbsp;d\u011bje se tak i&nbsp;mimo prostory galerie, \u010dasto p\u0159i n\u00e1ro\u010dn\u011bj\u0161\u00edch v\u00fdstavn\u00edch projektech v&nbsp;zahrani\u010d\u00ed.<\/p>\n<p>Ve&nbsp;sv\u00e9m v\u00fdstavn\u00edm programu preferuje konceptu\u00e1ln\u011b orientovan\u00e9 pozice, s&nbsp;kritick\u00fdmi konotacemi k&nbsp;soudob\u00e9 spole\u010dnosti a&nbsp;jej\u00edm socio\/politicko\/ekonomick\u00fdm podm\u00ednk\u00e1m. Ambic\u00ed v\u00fdstavn\u00edch koncepc\u00ed je podn\u00edtit kritick\u00e9 uva\u017eov\u00e1n\u00ed div\u00e1ka. Druh\u00e1 poloha se pak zam\u011b\u0159uje na v\u00fdrazn\u011b minimalistickou, reduktivn\u00ed \u010di abstraktn\u00ed tvorbu, kter\u00e1 v&nbsp;sob\u011b v\u0161ak nese obsahov\u011b r\u016fznorod\u00e9 roviny interpretace.<\/p>\n<p>Vedle podpory vlastn\u00edch um\u011blc\u016f galerie pravideln\u011b zve mezin\u00e1rodn\u00ed, respektive v&nbsp;evropsk\u00e9m prost\u0159ed\u00ed p\u016fsob\u00edc\u00ed um\u011blce a&nbsp;kur\u00e1tory, jejich\u017e praxe vych\u00e1z\u00ed z&nbsp;podobn\u00fdch v\u00fdchodisek.<\/p>\n<p>Galerie ji\u017e n\u011bkolik let pravideln\u011b vyv\u00edj\u00ed aktivity v&nbsp;um\u011bleck\u00e9 metropoli Bruselu a&nbsp;v&nbsp;z\u00e1\u0159\u00ed 2018 zde poprv\u00e9 p\u0159edstavila vlastn\u00ed v\u00fdstavn\u00ed prostor. V&nbsp;minul\u00fdch letech se zde \u00fa\u010dastnila jednoho z&nbsp;nejv\u00fdznamn\u011bj\u0161\u00edch veletrh\u016f Art Brussels (2015, 2017, 2018, 2019) a&nbsp;specializovan\u00e9ho veletrhu na kresbu Art on Paper (2016), kde v\u017edy prezentovala nejaktu\u00e1ln\u011bj\u0161\u00ed mlad\u00e9 pozice sou\u010dasn\u00e9 \u010desk\u00e9 sc\u00e9ny. Organizovala tak\u00e9 v\u00fdstavu sou\u010dasn\u00e9 \u010desk\u00e9 a&nbsp;slovensk\u00e9 fotografie v&nbsp;r\u00e1mci bien\u00e1le fotografie Summer of Photography (2016).<\/p>","protected":false},"excerpt":{"rendered":"<p>Lucie Drdova Gallery Lucie Drdova Gallery se \u0159ad\u00ed mezi nejpresti\u017en\u011bj\u0161\u00ed galerie sou\u010dasn\u00e9ho um\u011bn\u00ed v&nbsp;\u010cR s&nbsp;pravideln\u00fdmi aktivitami v&nbsp;evropsk\u00e9m prostoru. Dlouhodob\u00fdm c\u00edlem [&hellip;]<\/p>\n","protected":false},"author":1,"featured_media":0,"parent":0,"menu_order":0,"comment_status":"closed","ping_status":"closed","template":"","meta":{"_acf_changed":false,"footnotes":""},"class_list":["post-52","page","type-page","status-publish","hentry","wpautop"],"acf":[],"_links":{"self":[{"href":"https:\/\/drdovagallery.com\/cs\/wp-json\/wp\/v2\/pages\/52","targetHints":{"allow":["GET"]}}],"collection":[{"href":"https:\/\/drdovagallery.com\/cs\/wp-json\/wp\/v2\/pages"}],"about":[{"href":"https:\/\/drdovagallery.com\/cs\/wp-json\/wp\/v2\/types\/page"}],"author":[{"embeddable":true,"href":"https:\/\/drdovagallery.com\/cs\/wp-json\/wp\/v2\/users\/1"}],"replies":[{"embeddable":true,"href":"https:\/\/drdovagallery.com\/cs\/wp-json\/wp\/v2\/comments?post=52"}],"version-history":[{"count":18,"href":"https:\/\/drdovagallery.com\/cs\/wp-json\/wp\/v2\/pages\/52\/revisions"}],"predecessor-version":[{"id":1582,"href":"https:\/\/drdovagallery.com\/cs\/wp-json\/wp\/v2\/pages\/52\/revisions\/1582"}],"wp:attachment":[{"href":"https:\/\/drdovagallery.com\/cs\/wp-json\/wp\/v2\/media?parent=52"}],"curies":[{"name":"wp","href":"https:\/\/api.w.org\/{rel}","templated":true}]}}