{"id":57,"date":"2019-02-28T16:03:25","date_gmt":"2019-02-28T15:03:25","guid":{"rendered":"http:\/\/drdovagallery.krajeciprkna.cz\/?page_id=57"},"modified":"2024-10-30T14:18:12","modified_gmt":"2024-10-30T13:18:12","slug":"contacts","status":"publish","type":"page","link":"https:\/\/drdovagallery.com\/cs\/contacts\/","title":{"rendered":"Kontakt"},"content":{"rendered":"<div itemscope itemtype=\"http:\/\/schema.org\/ArtGallery\" id=\"contact-details\">\r\n    <span itemprop=\"name\" style=\"visibility:hidden;display:none;\">Lucie Drdova Gallery<\/span>\r\n\r\n\r\n    <p><span>Lucie Drdov\u00e1<\/span><br>\r\n    <span>zakladatelka a galeristka<\/span><\/p><br><br>      \r\n    <div itemprop=\"address\" itemscope itemtype=\"http:\/\/schema.org\/PostalAddress\"> \r\n\r\n        <p><span itemprop=\"streetAddress\">Zborovsk\u00e1\u00a049<\/span><br>\r\n        <span itemprop=\"postalCode\">150 00<\/span>\r\n        <span itemprop=\"addressLocality\">Praha<\/span><br>\r\n<span itemprop=\"postalCode\">jen po p\u0159edchoz\u00ed domluv\u011b<\/span><\/p><br><br>\r\n\r\n\r\n    <\/div>   \r\n    <p><span class=\"contact-details-bold\" itemprop=\"email\"><a href=\"mailto:info@drdovagallery.com\">info@drdovagallery.com<\/a><\/span><\/p><br><br>\r\n<p><span class=\"contact-details-bold\"><a href=\"https:\/\/luciedrdova.com\" target=\"_blank\" rel=\"noopener noreferrer\">luciedrdova.com<\/a><\/span><\/p><br><br>\r\n       <div>\r\n   <\/div>\r\n\r\n<br><br>\r\n    <img decoding=\"async\" itemprop=\"image\" src=\"\/wp-content\/uploads\/2019\/03\/logo_v2.png\" alt=\"Lucie Drdova Gallery\" style=\"visibility:hidden;display:none;\" title=\"\">    \r\n    <span class=\"poznamka\">The exhibition programme is realized with the financial support of the Ministry of Culture of the Czech Republic and the Prague City Hall.<\/span>\r\n<\/div>","protected":false},"excerpt":{"rendered":"Lucie Drdova Gallery Lucie Drdov\u00e1 zakladatelka a galeristka Zborovsk\u00e1\u00a049 150 00 Praha jen po p\u0159edchoz\u00ed domluv\u011b info@drdovagallery.com luciedrdova.com The exhibition [&hellip;]","protected":false},"author":1,"featured_media":0,"parent":0,"menu_order":0,"comment_status":"closed","ping_status":"closed","template":"","meta":{"_acf_changed":false,"footnotes":""},"class_list":["post-57","page","type-page","status-publish","hentry","no-wpautop"],"acf":[],"_links":{"self":[{"href":"https:\/\/drdovagallery.com\/cs\/wp-json\/wp\/v2\/pages\/57","targetHints":{"allow":["GET"]}}],"collection":[{"href":"https:\/\/drdovagallery.com\/cs\/wp-json\/wp\/v2\/pages"}],"about":[{"href":"https:\/\/drdovagallery.com\/cs\/wp-json\/wp\/v2\/types\/page"}],"author":[{"embeddable":true,"href":"https:\/\/drdovagallery.com\/cs\/wp-json\/wp\/v2\/users\/1"}],"replies":[{"embeddable":true,"href":"https:\/\/drdovagallery.com\/cs\/wp-json\/wp\/v2\/comments?post=57"}],"version-history":[{"count":121,"href":"https:\/\/drdovagallery.com\/cs\/wp-json\/wp\/v2\/pages\/57\/revisions"}],"predecessor-version":[{"id":2343,"href":"https:\/\/drdovagallery.com\/cs\/wp-json\/wp\/v2\/pages\/57\/revisions\/2343"}],"wp:attachment":[{"href":"https:\/\/drdovagallery.com\/cs\/wp-json\/wp\/v2\/media?parent=57"}],"curies":[{"name":"wp","href":"https:\/\/api.w.org\/{rel}","templated":true}]}}